{"id":19718,"date":"2024-12-09T11:29:54","date_gmt":"2024-12-09T10:29:54","guid":{"rendered":"https:\/\/hightea2.fruto.cloud\/import-placeholder-for-12813\/"},"modified":"2026-02-27T13:51:37","modified_gmt":"2026-02-27T12:51:37","slug":"high-tea-etagere","status":"publish","type":"product","link":"https:\/\/hightea2.fruto.cloud\/en\/high-tea-etagere\/","title":{"rendered":"High Tea etag\u00e8re"},"content":{"rendered":"<p>Een High Tea etag\u00e8re voor het luxe presenteren zoete en hartige hapjes bestellen voor bij jouw High Tea box? Bij de etag\u00e8re zit een handige opzetinstructie link naar het opzetfilmpje.<\/p>\n<p>Maak je high tea compleet met deze 3 laags kartonnen etag\u00e8re!<\/p>\n<p>Uitsluitend te bestellen i.c.m. een High Tea box.<\/p>","protected":false},"excerpt":{"rendered":"<p>Voor luxe presenteren van alle zoete en hartige hapjes.<\/p>","protected":false},"featured_media":23290,"template":"","meta":{"_acf_changed":false},"product_brand":[],"product_cat":[318],"product_tag":[],"class_list":{"0":"post-19718","1":"product","2":"type-product","3":"status-publish","4":"has-post-thumbnail","6":"product_cat-high-tea-bestellen","7":"product_shipping_class-thuis-bezorgen","9":"first","10":"instock","11":"taxable","12":"shipping-taxable","13":"purchasable","14":"product-type-simple"},"acf":[],"_links":{"self":[{"href":"https:\/\/hightea2.fruto.cloud\/en\/wp-json\/wp\/v2\/product\/19718","targetHints":{"allow":["GET"]}}],"collection":[{"href":"https:\/\/hightea2.fruto.cloud\/en\/wp-json\/wp\/v2\/product"}],"about":[{"href":"https:\/\/hightea2.fruto.cloud\/en\/wp-json\/wp\/v2\/types\/product"}],"wp:featuredmedia":[{"embeddable":true,"href":"https:\/\/hightea2.fruto.cloud\/en\/wp-json\/wp\/v2\/media\/23290"}],"wp:attachment":[{"href":"https:\/\/hightea2.fruto.cloud\/en\/wp-json\/wp\/v2\/media?parent=19718"}],"wp:term":[{"taxonomy":"product_brand","embeddable":true,"href":"https:\/\/hightea2.fruto.cloud\/en\/wp-json\/wp\/v2\/product_brand?post=19718"},{"taxonomy":"product_cat","embeddable":true,"href":"https:\/\/hightea2.fruto.cloud\/en\/wp-json\/wp\/v2\/product_cat?post=19718"},{"taxonomy":"product_tag","embeddable":true,"href":"https:\/\/hightea2.fruto.cloud\/en\/wp-json\/wp\/v2\/product_tag?post=19718"}],"curies":[{"name":"wp","href":"https:\/\/api.w.org\/{rel}","templated":true}]}}